{"id":32230,"date":"2020-03-03T14:37:52","date_gmt":"2020-03-03T13:37:52","guid":{"rendered":"https:\/\/intellio.eu\/intellio\/products\/uncategorized\/intellio-initio-bullet-cctv-camera\/"},"modified":"2023-06-12T15:33:42","modified_gmt":"2023-06-12T13:33:42","slug":"intellio-initio-bullet-cctv-camera","status":"publish","type":"product","link":"https:\/\/intellio.eu\/hu\/products\/intellio-termekek\/intellio-initio-bullet-cctv-camera\/","title":{"rendered":"Intellio Initio Bullet CCTV kamera"},"content":{"rendered":"<p>A CCTV megfigyel\u00e9s egy olyan ipar\u00e1g, amely folyamatosan fejl\u0151dik \u2013 \u00e9s e folyamat egyik m\u00e9rf\u00f6ldk\u00f6ve az Initio sorozat l\u00e9trehoz\u00e1sa volt.<\/p>\n<p>Ez az IP-kamera kiv\u00e1l\u00f3 k\u00e9pmin\u0151s\u00e9get k\u00edn\u00e1l 4 megapixeles \u00e9rz\u00e9kel\u0151j\u00e9nek \u00e9s 2,8 mm-es fix objekt\u00edvj\u00e9nek k\u00f6sz\u00f6nhet\u0151en, amely k\u00e9szen \u00e1ll a sokoldal\u00fa CCTV feladatokra \u2013 a v\u00e1llalati biztons\u00e1gt\u00f3l a v\u00e1rosi megfigyel\u00e9sig, nappal \u00e9s \u00e9jszaka: 40 m\u00e9teres infrav\u00f6r\u00f6s megvil\u00e1g\u00edt\u00e1si tartom\u00e1nya diszkr\u00e9t \u00e9jszakai m\u0171k\u00f6d\u00e9st tesz lehet\u0151v\u00e9, rossz l\u00e1t\u00e1si viszonyok k\u00f6z\u00f6tt.<\/p>\n<p>Belt\u00e9ren \u00e9s k\u00fclt\u00e9ren is egyszer\u0171en felszerelhet\u0151, ez a biztons\u00e1gi kamera m\u00e1r az els\u0151 l\u00e9p\u00e9sekt\u0151l fogva ergonomikus \u00e9s praktikus. Mindezeket az el\u0151ny\u00f6ket 3 \u00e9v gy\u00e1rt\u00f3i garancia biztos\u00edtja, amely hossz\u00fa t\u00e1v\u00fa megold\u00e1st biztos\u00edt b\u00e1rmilyen fel\u00fcgyeleti feladatra.<\/p>\n","protected":false},"excerpt":{"rendered":"<p>Biztons\u00e1gi kamera fed\u00e9lzeti detektorokkal \u00e9s infrav\u00f6r\u00f6s \u00e9rz\u00e9kel\u0151kkel az \u00e9jszakai l\u00e1t\u00e1shoz<\/p>\n","protected":false},"featured_media":16763,"template":"","meta":[],"product_cat":[1883],"product_tag":[],"acf":[],"yoast_head":"<!-- This site is optimized with the Yoast SEO plugin v21.1 - https:\/\/yoast.com\/wordpress\/plugins\/seo\/ -->\n<title>Intellio Initio Bullet CCTV kamera<\/title>\n<meta name=\"description\" content=\"Fix objekt\u00edves bullet CCTV kamera k\u00fcl\u00f6nb\u00f6z\u0151 be\u00e9p\u00edtett \u00e9rz\u00e9kel\u0151kkel \u00e9s \u00e9jjell\u00e1t\u00f3 \u00fczemm\u00f3ddal \u00e9s 3 \u00e9v gy\u00e1rt\u00f3i garanci\u00e1val.\" \/>\n<meta name=\"robots\" content=\"index, follow, max-snippet:-1, max-image-preview:large, max-video-preview:-1\" \/>\n<link rel=\"canonical\" href=\"https:\/\/intellio.eu\/hu\/products\/intellio-termekek\/intellio-initio-bullet-cctv-camera\/\" \/>\n<meta property=\"og:locale\" content=\"hu_HU\" \/>\n<meta property=\"og:type\" content=\"article\" \/>\n<meta property=\"og:title\" content=\"Intellio Initio Bullet CCTV kamera\" \/>\n<meta property=\"og:description\" content=\"Fix objekt\u00edves bullet CCTV kamera k\u00fcl\u00f6nb\u00f6z\u0151 be\u00e9p\u00edtett \u00e9rz\u00e9kel\u0151kkel \u00e9s \u00e9jjell\u00e1t\u00f3 \u00fczemm\u00f3ddal \u00e9s 3 \u00e9v gy\u00e1rt\u00f3i garanci\u00e1val.\" \/>\n<meta property=\"og:url\" content=\"https:\/\/intellio.eu\/hu\/products\/intellio-termekek\/intellio-initio-bullet-cctv-camera\/\" \/>\n<meta property=\"og:site_name\" content=\"Intellio\" \/>\n<meta property=\"article:modified_time\" content=\"2023-06-12T13:33:42+00:00\" \/>\n<meta property=\"og:image\" content=\"https:\/\/adaptiverecognition.com\/app\/uploads\/2021\/12\/02163704\/intellio_initio_bullet_4mp_main.png\" \/>\n\t<meta property=\"og:image:width\" content=\"1280\" \/>\n\t<meta property=\"og:image:height\" content=\"1280\" \/>\n\t<meta property=\"og:image:type\" content=\"image\/png\" \/>\n<meta name=\"twitter:card\" content=\"summary_large_image\" \/>\n<meta name=\"twitter:label1\" content=\"Becs\u00fclt olvas\u00e1si id\u0151\" \/>\n\t<meta name=\"twitter:data1\" content=\"1 perc\" \/>\n<script type=\"application\/ld+json\" class=\"yoast-schema-graph\">{\"@context\":\"https:\/\/schema.org\",\"@graph\":[{\"@type\":\"WebPage\",\"@id\":\"https:\/\/intellio.eu\/hu\/products\/intellio-termekek\/intellio-initio-bullet-cctv-camera\/\",\"url\":\"https:\/\/intellio.eu\/hu\/products\/intellio-termekek\/intellio-initio-bullet-cctv-camera\/\",\"name\":\"Intellio Initio Bullet CCTV kamera\",\"isPartOf\":{\"@id\":\"https:\/\/intellio.eu\/hu\/#website\"},\"datePublished\":\"2020-03-03T13:37:52+00:00\",\"dateModified\":\"2023-06-12T13:33:42+00:00\",\"description\":\"Fix objekt\u00edves bullet CCTV kamera k\u00fcl\u00f6nb\u00f6z\u0151 be\u00e9p\u00edtett \u00e9rz\u00e9kel\u0151kkel \u00e9s \u00e9jjell\u00e1t\u00f3 \u00fczemm\u00f3ddal \u00e9s 3 \u00e9v gy\u00e1rt\u00f3i garanci\u00e1val.\",\"breadcrumb\":{\"@id\":\"https:\/\/intellio.eu\/hu\/products\/intellio-termekek\/intellio-initio-bullet-cctv-camera\/#breadcrumb\"},\"inLanguage\":\"hu\",\"potentialAction\":[{\"@type\":\"ReadAction\",\"target\":[\"https:\/\/intellio.eu\/hu\/products\/intellio-termekek\/intellio-initio-bullet-cctv-camera\/\"]}]},{\"@type\":\"BreadcrumbList\",\"@id\":\"https:\/\/intellio.eu\/hu\/products\/intellio-termekek\/intellio-initio-bullet-cctv-camera\/#breadcrumb\",\"itemListElement\":[{\"@type\":\"ListItem\",\"position\":1,\"name\":\"Home\",\"item\":\"https:\/\/intellio.eu\/hu\/home\/\"},{\"@type\":\"ListItem\",\"position\":2,\"name\":\"Intellio Network Cameras\",\"item\":\"https:\/\/intellio.eu\/cameras\/\"},{\"@type\":\"ListItem\",\"position\":3,\"name\":\"Intellio Initio Bullet CCTV kamera\"}]},{\"@type\":\"WebSite\",\"@id\":\"https:\/\/intellio.eu\/hu\/#website\",\"url\":\"https:\/\/intellio.eu\/hu\/\",\"name\":\"Intellio\",\"description\":\"\",\"potentialAction\":[{\"@type\":\"SearchAction\",\"target\":{\"@type\":\"EntryPoint\",\"urlTemplate\":\"https:\/\/intellio.eu\/hu\/?s={search_term_string}\"},\"query-input\":\"required name=search_term_string\"}],\"inLanguage\":\"hu\"}]}<\/script>\n<!-- \/ Yoast SEO plugin. -->","yoast_head_json":{"title":"Intellio Initio Bullet CCTV kamera","description":"Fix objekt\u00edves bullet CCTV kamera k\u00fcl\u00f6nb\u00f6z\u0151 be\u00e9p\u00edtett \u00e9rz\u00e9kel\u0151kkel \u00e9s \u00e9jjell\u00e1t\u00f3 \u00fczemm\u00f3ddal \u00e9s 3 \u00e9v gy\u00e1rt\u00f3i garanci\u00e1val.","robots":{"index":"index","follow":"follow","max-snippet":"max-snippet:-1","max-image-preview":"max-image-preview:large","max-video-preview":"max-video-preview:-1"},"canonical":"https:\/\/intellio.eu\/hu\/products\/intellio-termekek\/intellio-initio-bullet-cctv-camera\/","og_locale":"hu_HU","og_type":"article","og_title":"Intellio Initio Bullet CCTV kamera","og_description":"Fix objekt\u00edves bullet CCTV kamera k\u00fcl\u00f6nb\u00f6z\u0151 be\u00e9p\u00edtett \u00e9rz\u00e9kel\u0151kkel \u00e9s \u00e9jjell\u00e1t\u00f3 \u00fczemm\u00f3ddal \u00e9s 3 \u00e9v gy\u00e1rt\u00f3i garanci\u00e1val.","og_url":"https:\/\/intellio.eu\/hu\/products\/intellio-termekek\/intellio-initio-bullet-cctv-camera\/","og_site_name":"Intellio","article_modified_time":"2023-06-12T13:33:42+00:00","og_image":[{"width":1280,"height":1280,"url":"https:\/\/adaptiverecognition.com\/app\/uploads\/2021\/12\/02163704\/intellio_initio_bullet_4mp_main.png","type":"image\/png"}],"twitter_card":"summary_large_image","twitter_misc":{"Becs\u00fclt olvas\u00e1si id\u0151":"1 perc"},"schema":{"@context":"https:\/\/schema.org","@graph":[{"@type":"WebPage","@id":"https:\/\/intellio.eu\/hu\/products\/intellio-termekek\/intellio-initio-bullet-cctv-camera\/","url":"https:\/\/intellio.eu\/hu\/products\/intellio-termekek\/intellio-initio-bullet-cctv-camera\/","name":"Intellio Initio Bullet CCTV kamera","isPartOf":{"@id":"https:\/\/intellio.eu\/hu\/#website"},"datePublished":"2020-03-03T13:37:52+00:00","dateModified":"2023-06-12T13:33:42+00:00","description":"Fix objekt\u00edves bullet CCTV kamera k\u00fcl\u00f6nb\u00f6z\u0151 be\u00e9p\u00edtett \u00e9rz\u00e9kel\u0151kkel \u00e9s \u00e9jjell\u00e1t\u00f3 \u00fczemm\u00f3ddal \u00e9s 3 \u00e9v gy\u00e1rt\u00f3i garanci\u00e1val.","breadcrumb":{"@id":"https:\/\/intellio.eu\/hu\/products\/intellio-termekek\/intellio-initio-bullet-cctv-camera\/#breadcrumb"},"inLanguage":"hu","potentialAction":[{"@type":"ReadAction","target":["https:\/\/intellio.eu\/hu\/products\/intellio-termekek\/intellio-initio-bullet-cctv-camera\/"]}]},{"@type":"BreadcrumbList","@id":"https:\/\/intellio.eu\/hu\/products\/intellio-termekek\/intellio-initio-bullet-cctv-camera\/#breadcrumb","itemListElement":[{"@type":"ListItem","position":1,"name":"Home","item":"https:\/\/intellio.eu\/hu\/home\/"},{"@type":"ListItem","position":2,"name":"Intellio Network Cameras","item":"https:\/\/intellio.eu\/cameras\/"},{"@type":"ListItem","position":3,"name":"Intellio Initio Bullet CCTV kamera"}]},{"@type":"WebSite","@id":"https:\/\/intellio.eu\/hu\/#website","url":"https:\/\/intellio.eu\/hu\/","name":"Intellio","description":"","potentialAction":[{"@type":"SearchAction","target":{"@type":"EntryPoint","urlTemplate":"https:\/\/intellio.eu\/hu\/?s={search_term_string}"},"query-input":"required name=search_term_string"}],"inLanguage":"hu"}]}},"_links":{"self":[{"href":"https:\/\/intellio.eu\/hu\/wp-json\/wp\/v2\/product\/32230"}],"collection":[{"href":"https:\/\/intellio.eu\/hu\/wp-json\/wp\/v2\/product"}],"about":[{"href":"https:\/\/intellio.eu\/hu\/wp-json\/wp\/v2\/types\/product"}],"wp:featuredmedia":[{"embeddable":true,"href":"https:\/\/intellio.eu\/hu\/wp-json\/wp\/v2\/media\/16763"}],"wp:attachment":[{"href":"https:\/\/intellio.eu\/hu\/wp-json\/wp\/v2\/media?parent=32230"}],"wp:term":[{"taxonomy":"product_cat","embeddable":true,"href":"https:\/\/intellio.eu\/hu\/wp-json\/wp\/v2\/product_cat?post=32230"},{"taxonomy":"product_tag","embeddable":true,"href":"https:\/\/intellio.eu\/hu\/wp-json\/wp\/v2\/product_tag?post=32230"}],"curies":[{"name":"wp","href":"https:\/\/api.w.org\/{rel}","templated":true}]}}