{"id":32305,"date":"2020-03-03T14:39:07","date_gmt":"2020-03-03T13:39:07","guid":{"rendered":"https:\/\/intellio.eu\/intellio\/products\/nem-kategorizalt\/intellio-initio-bullet-vario-focus-cctv-camera\/"},"modified":"2023-06-12T15:17:04","modified_gmt":"2023-06-12T13:17:04","slug":"intellio-initio-bullet-vario-focus-cctv-camera","status":"publish","type":"product","link":"https:\/\/intellio.eu\/hu\/products\/intellio-termekek\/intellio-initio-bullet-vario-focus-cctv-camera\/","title":{"rendered":"Intellio Initio Bullet Vario Focus CCTV kamera"},"content":{"rendered":"<p>Ez a CCTV kamera kiv\u00e1l\u00f3 k\u00e9pmin\u0151s\u00e9get k\u00edn\u00e1l 8 megapixeles \u00e9rz\u00e9kel\u0151j\u00e9nek \u00e9s zoomolhat\u00f3 objekt\u00edvj\u00e9nek (2,8-12 mm) k\u00f6sz\u00f6nhet\u0151en, amely k\u00f6nnyed\u00e9n a biztons\u00e1gi szem\u00e9lyzet legjobb munkat\u00e1rsa lehet \u2013 legyen sz\u00f3 v\u00e1llalati biztons\u00e1gi projektr\u0151l vagy v\u00e1rosi fel\u00fcgyeleti rendszerr\u0151l. A kamera \u00e9jjel-nappal m\u0171k\u00f6dik: nagy teljes\u00edtm\u00e9ny\u0171, 60 m\u00e9teres \u00e9jszakai l\u00e1t\u00e1sa lehet\u0151v\u00e9 teszi a hossz\u00fa t\u00e1v\u00fa megfigyel\u00e9st gyenge f\u00e9nyviszonyok mellett vagy \u00e9jszaka.<\/p>\n<p>Az \u00faj mesters\u00e9ges intelligencia funkci\u00f3k a vonal\u00e1tl\u00e9p\u00e9sen \u00e9s a behatol\u00e1s\u00e9szlel\u00e9sen t\u00falmen\u0151en biztos\u00edtj\u00e1k az emberi \u00e9s j\u00e1rm\u0171 c\u00e9lpontok besorol\u00e1s\u00e1t.<\/p>\n<p>Belt\u00e9ren \u00e9s k\u00fclt\u00e9ren is egyszer\u0171en felszerelhet\u0151, ez a biztons\u00e1gi kamera m\u00e1r az els\u0151 l\u00e9p\u00e9sekt\u0151l fogva ergonomikus \u00e9s praktikus. Mindezeket az el\u0151ny\u00f6ket 3 \u00e9v gy\u00e1rt\u00f3i garancia biztos\u00edtja, amely hossz\u00fa t\u00e1v\u00fa megold\u00e1st biztos\u00edt b\u00e1rmilyen fel\u00fcgyeleti feladatra.<\/p>\n","protected":false},"excerpt":{"rendered":"<p>Biztons\u00e1gi kamera mesters\u00e9ges intelligencia funkci\u00f3kkal, motoros zoommal \u00e9s infrav\u00f6r\u00f6s \u00e9rz\u00e9kel\u0151vel az \u00e9jszakai l\u00e1t\u00e1s \u00e9rdek\u00e9ben<\/p>\n","protected":false},"featured_media":16764,"template":"","meta":[],"product_cat":[1883],"product_tag":[],"acf":[],"yoast_head":"<!-- This site is optimized with the Yoast SEO plugin v21.1 - https:\/\/yoast.com\/wordpress\/plugins\/seo\/ -->\n<title>Intellio Initio Bullet Vario Focus CCTV kamera<\/title>\n<meta name=\"description\" content=\"Vand\u00e1lbiztos bullet CCTV kamera motoroz zoom-mal, AI alap\u00fa analitika \u00e9s \u00e9les k\u00e9p rossz v\u00e9nyviszonyok k\u00f6z\u00f6tt is, 3 \u00e9v garanci\u00e1val.\" \/>\n<meta name=\"robots\" content=\"index, follow, max-snippet:-1, max-image-preview:large, max-video-preview:-1\" \/>\n<link rel=\"canonical\" href=\"https:\/\/intellio.eu\/hu\/products\/intellio-termekek\/intellio-initio-bullet-vario-focus-cctv-camera\/\" \/>\n<meta property=\"og:locale\" content=\"hu_HU\" \/>\n<meta property=\"og:type\" content=\"article\" \/>\n<meta property=\"og:title\" content=\"Intellio Initio Bullet Vario Focus CCTV kamera\" \/>\n<meta property=\"og:description\" content=\"Vand\u00e1lbiztos bullet CCTV kamera motoroz zoom-mal, AI alap\u00fa analitika \u00e9s \u00e9les k\u00e9p rossz v\u00e9nyviszonyok k\u00f6z\u00f6tt is, 3 \u00e9v garanci\u00e1val.\" \/>\n<meta property=\"og:url\" content=\"https:\/\/intellio.eu\/hu\/products\/intellio-termekek\/intellio-initio-bullet-vario-focus-cctv-camera\/\" \/>\n<meta property=\"og:site_name\" content=\"Intellio\" \/>\n<meta property=\"article:modified_time\" content=\"2023-06-12T13:17:04+00:00\" \/>\n<meta property=\"og:image\" content=\"https:\/\/adaptiverecognition.com\/app\/uploads\/2021\/12\/02163729\/intellio_initio_bullet_v_4mp_main.png\" \/>\n\t<meta property=\"og:image:width\" content=\"1280\" \/>\n\t<meta property=\"og:image:height\" content=\"1280\" \/>\n\t<meta property=\"og:image:type\" content=\"image\/png\" \/>\n<meta name=\"twitter:card\" content=\"summary_large_image\" \/>\n<meta name=\"twitter:label1\" content=\"Becs\u00fclt olvas\u00e1si id\u0151\" \/>\n\t<meta name=\"twitter:data1\" content=\"1 perc\" \/>\n<script type=\"application\/ld+json\" class=\"yoast-schema-graph\">{\"@context\":\"https:\/\/schema.org\",\"@graph\":[{\"@type\":\"WebPage\",\"@id\":\"https:\/\/intellio.eu\/hu\/products\/intellio-termekek\/intellio-initio-bullet-vario-focus-cctv-camera\/\",\"url\":\"https:\/\/intellio.eu\/hu\/products\/intellio-termekek\/intellio-initio-bullet-vario-focus-cctv-camera\/\",\"name\":\"Intellio Initio Bullet Vario Focus CCTV kamera\",\"isPartOf\":{\"@id\":\"https:\/\/intellio.eu\/hu\/#website\"},\"datePublished\":\"2020-03-03T13:39:07+00:00\",\"dateModified\":\"2023-06-12T13:17:04+00:00\",\"description\":\"Vand\u00e1lbiztos bullet CCTV kamera motoroz zoom-mal, AI alap\u00fa analitika \u00e9s \u00e9les k\u00e9p rossz v\u00e9nyviszonyok k\u00f6z\u00f6tt is, 3 \u00e9v garanci\u00e1val.\",\"breadcrumb\":{\"@id\":\"https:\/\/intellio.eu\/hu\/products\/intellio-termekek\/intellio-initio-bullet-vario-focus-cctv-camera\/#breadcrumb\"},\"inLanguage\":\"hu\",\"potentialAction\":[{\"@type\":\"ReadAction\",\"target\":[\"https:\/\/intellio.eu\/hu\/products\/intellio-termekek\/intellio-initio-bullet-vario-focus-cctv-camera\/\"]}]},{\"@type\":\"BreadcrumbList\",\"@id\":\"https:\/\/intellio.eu\/hu\/products\/intellio-termekek\/intellio-initio-bullet-vario-focus-cctv-camera\/#breadcrumb\",\"itemListElement\":[{\"@type\":\"ListItem\",\"position\":1,\"name\":\"Home\",\"item\":\"https:\/\/intellio.eu\/hu\/home\/\"},{\"@type\":\"ListItem\",\"position\":2,\"name\":\"Shop\",\"item\":\"https:\/\/intellio.eu\/hu\/shop\/\"},{\"@type\":\"ListItem\",\"position\":3,\"name\":\"Intellio term\u00e9kek\",\"item\":\"https:\/\/intellio.eu\/hu\/product-categories\/intellio-termekek\/\"},{\"@type\":\"ListItem\",\"position\":4,\"name\":\"Intellio Initio Bullet Vario Focus CCTV kamera\"}]},{\"@type\":\"WebSite\",\"@id\":\"https:\/\/intellio.eu\/hu\/#website\",\"url\":\"https:\/\/intellio.eu\/hu\/\",\"name\":\"Intellio\",\"description\":\"\",\"potentialAction\":[{\"@type\":\"SearchAction\",\"target\":{\"@type\":\"EntryPoint\",\"urlTemplate\":\"https:\/\/intellio.eu\/hu\/?s={search_term_string}\"},\"query-input\":\"required name=search_term_string\"}],\"inLanguage\":\"hu\"}]}<\/script>\n<!-- \/ Yoast SEO plugin. -->","yoast_head_json":{"title":"Intellio Initio Bullet Vario Focus CCTV kamera","description":"Vand\u00e1lbiztos bullet CCTV kamera motoroz zoom-mal, AI alap\u00fa analitika \u00e9s \u00e9les k\u00e9p rossz v\u00e9nyviszonyok k\u00f6z\u00f6tt is, 3 \u00e9v garanci\u00e1val.","robots":{"index":"index","follow":"follow","max-snippet":"max-snippet:-1","max-image-preview":"max-image-preview:large","max-video-preview":"max-video-preview:-1"},"canonical":"https:\/\/intellio.eu\/hu\/products\/intellio-termekek\/intellio-initio-bullet-vario-focus-cctv-camera\/","og_locale":"hu_HU","og_type":"article","og_title":"Intellio Initio Bullet Vario Focus CCTV kamera","og_description":"Vand\u00e1lbiztos bullet CCTV kamera motoroz zoom-mal, AI alap\u00fa analitika \u00e9s \u00e9les k\u00e9p rossz v\u00e9nyviszonyok k\u00f6z\u00f6tt is, 3 \u00e9v garanci\u00e1val.","og_url":"https:\/\/intellio.eu\/hu\/products\/intellio-termekek\/intellio-initio-bullet-vario-focus-cctv-camera\/","og_site_name":"Intellio","article_modified_time":"2023-06-12T13:17:04+00:00","og_image":[{"width":1280,"height":1280,"url":"https:\/\/adaptiverecognition.com\/app\/uploads\/2021\/12\/02163729\/intellio_initio_bullet_v_4mp_main.png","type":"image\/png"}],"twitter_card":"summary_large_image","twitter_misc":{"Becs\u00fclt olvas\u00e1si id\u0151":"1 perc"},"schema":{"@context":"https:\/\/schema.org","@graph":[{"@type":"WebPage","@id":"https:\/\/intellio.eu\/hu\/products\/intellio-termekek\/intellio-initio-bullet-vario-focus-cctv-camera\/","url":"https:\/\/intellio.eu\/hu\/products\/intellio-termekek\/intellio-initio-bullet-vario-focus-cctv-camera\/","name":"Intellio Initio Bullet Vario Focus CCTV kamera","isPartOf":{"@id":"https:\/\/intellio.eu\/hu\/#website"},"datePublished":"2020-03-03T13:39:07+00:00","dateModified":"2023-06-12T13:17:04+00:00","description":"Vand\u00e1lbiztos bullet CCTV kamera motoroz zoom-mal, AI alap\u00fa analitika \u00e9s \u00e9les k\u00e9p rossz v\u00e9nyviszonyok k\u00f6z\u00f6tt is, 3 \u00e9v garanci\u00e1val.","breadcrumb":{"@id":"https:\/\/intellio.eu\/hu\/products\/intellio-termekek\/intellio-initio-bullet-vario-focus-cctv-camera\/#breadcrumb"},"inLanguage":"hu","potentialAction":[{"@type":"ReadAction","target":["https:\/\/intellio.eu\/hu\/products\/intellio-termekek\/intellio-initio-bullet-vario-focus-cctv-camera\/"]}]},{"@type":"BreadcrumbList","@id":"https:\/\/intellio.eu\/hu\/products\/intellio-termekek\/intellio-initio-bullet-vario-focus-cctv-camera\/#breadcrumb","itemListElement":[{"@type":"ListItem","position":1,"name":"Home","item":"https:\/\/intellio.eu\/hu\/home\/"},{"@type":"ListItem","position":2,"name":"Shop","item":"https:\/\/intellio.eu\/hu\/shop\/"},{"@type":"ListItem","position":3,"name":"Intellio term\u00e9kek","item":"https:\/\/intellio.eu\/hu\/product-categories\/intellio-termekek\/"},{"@type":"ListItem","position":4,"name":"Intellio Initio Bullet Vario Focus CCTV kamera"}]},{"@type":"WebSite","@id":"https:\/\/intellio.eu\/hu\/#website","url":"https:\/\/intellio.eu\/hu\/","name":"Intellio","description":"","potentialAction":[{"@type":"SearchAction","target":{"@type":"EntryPoint","urlTemplate":"https:\/\/intellio.eu\/hu\/?s={search_term_string}"},"query-input":"required name=search_term_string"}],"inLanguage":"hu"}]}},"_links":{"self":[{"href":"https:\/\/intellio.eu\/hu\/wp-json\/wp\/v2\/product\/32305"}],"collection":[{"href":"https:\/\/intellio.eu\/hu\/wp-json\/wp\/v2\/product"}],"about":[{"href":"https:\/\/intellio.eu\/hu\/wp-json\/wp\/v2\/types\/product"}],"wp:featuredmedia":[{"embeddable":true,"href":"https:\/\/intellio.eu\/hu\/wp-json\/wp\/v2\/media\/16764"}],"wp:attachment":[{"href":"https:\/\/intellio.eu\/hu\/wp-json\/wp\/v2\/media?parent=32305"}],"wp:term":[{"taxonomy":"product_cat","embeddable":true,"href":"https:\/\/intellio.eu\/hu\/wp-json\/wp\/v2\/product_cat?post=32305"},{"taxonomy":"product_tag","embeddable":true,"href":"https:\/\/intellio.eu\/hu\/wp-json\/wp\/v2\/product_tag?post=32305"}],"curies":[{"name":"wp","href":"https:\/\/api.w.org\/{rel}","templated":true}]}}