{"id":32306,"date":"2020-03-03T14:36:47","date_gmt":"2020-03-03T13:36:47","guid":{"rendered":"https:\/\/intellio.eu\/intellio\/products\/nem-kategorizalt\/intellio-initio-dome-vario-focus-cctv-camera\/"},"modified":"2023-06-12T15:40:09","modified_gmt":"2023-06-12T13:40:09","slug":"intellio-initio-dome-vario-focus-cctv-camera","status":"publish","type":"product","link":"https:\/\/intellio.eu\/hu\/products\/intellio-termekek\/intellio-initio-dome-vario-focus-cctv-camera\/","title":{"rendered":"Intellio Initio Dome Vario Focus CCTV kamera"},"content":{"rendered":"<p>\u00daj Initio sorozatunkkal a CCTV megfigyel\u00e9s k\u00f6vetkez\u0151 epiz\u00f3dj\u00e1hoz ugrunk. Ezek a kamer\u00e1k be\u00e9p\u00edtett \u00e9rz\u00e9kel\u0151kkel rendelkeznek, amelyek automatikusan azonos\u00edtj\u00e1k az egyes esem\u00e9nyeket, p\u00e9ld\u00e1ul behatol\u00e1st vagy vonal\u00e1tl\u00e9p\u00e9st \u2013 az integr\u00e1lt mesters\u00e9ges intelligencia technol\u00f3gi\u00e1val.<\/p>\n<p>Ez a d\u00f3mkamera k\u00fcl\u00f6nf\u00e9le el\u0151ny\u00f6ket k\u00edn\u00e1l a biztons\u00e1gi rendszer sz\u00e1m\u00e1ra. El\u0151sz\u00f6r is, ez egy robusztus \u00e9s vand\u00e1lbiztos fel\u00fcgyeleti megold\u00e1s az IP67 \u00e9s IK10 besorol\u00e1s\u00fa konstrukci\u00f3nak k\u00f6sz\u00f6nhet\u0151en. A 2,8\u201312 mm-es varifok\u00e1lis objekt\u00edvvel p\u00e1ros\u00edtott \u00faj 4 megapixeles \u00e9rz\u00e9kel\u0151k kiv\u00e1l\u00f3 min\u0151s\u00e9g\u0171 k\u00e9palkot\u00e1st is biztos\u00edtanak. Ak\u00e1r 40 m\u00e9terig nagy hat\u00f3t\u00e1vols\u00e1g\u00fa \u00e9jszakai l\u00e1t\u00e1ssal van felszerelve, er\u0151s infrav\u00f6r\u00f6s megvil\u00e1g\u00edt\u00e1ssal, \u00e9jszakai vagy gyenge f\u00e9nyviszonyok k\u00f6z\u00f6tt. \u00c9s z\u00f6kken\u0151mentes m\u0171k\u00f6d\u00e9st biztos\u00edt belt\u00e9ri \u00e9s k\u00fclt\u00e9ri helysz\u00edneken egyar\u00e1nt.<\/p>\n<p>Ezzel a\u00a0 CCTV kamera haszn\u00e1lat\u00e1val \u00d6nt h\u00e1rom \u00e9v gy\u00e1rt\u00f3i garancia t\u00e1mogatja, amely hossz\u00fa t\u00e1v\u00fa megold\u00e1st biztos\u00edt b\u00e1rmilyen fel\u00fcgyeleti feladatra.<\/p>\n","protected":false},"excerpt":{"rendered":"<p>Vand\u00e1lbiztos d\u00f3mkamera zoommal \u00e9s infrav\u00f6r\u00f6s \u00e9rz\u00e9kel\u00e9ssel az \u00e9jszakai l\u00e1t\u00e1shoz<\/p>\n","protected":false},"featured_media":16762,"template":"","meta":[],"product_cat":[1883],"product_tag":[],"acf":[],"yoast_head":"<!-- This site is optimized with the Yoast SEO plugin v21.1 - https:\/\/yoast.com\/wordpress\/plugins\/seo\/ -->\n<title>Intellio Initio Dome V CCTV kamera<\/title>\n<meta name=\"description\" content=\"Vand\u00e1lbiztos d\u00f3m CCTV kamera be\u00e9p\u00edtett \u00e9rz\u00e9kel\u0151kkel, zoom \u00e9s tiszta \u00e9jjell\u00e1t\u00f3 \u00fczemm\u00f3d + 3 \u00e9v gy\u00e1rt\u00f3i garancia.\" \/>\n<meta name=\"robots\" content=\"index, follow, max-snippet:-1, max-image-preview:large, max-video-preview:-1\" \/>\n<link rel=\"canonical\" href=\"https:\/\/intellio.eu\/hu\/products\/intellio-termekek\/intellio-initio-dome-vario-focus-cctv-camera\/\" \/>\n<meta property=\"og:locale\" content=\"hu_HU\" \/>\n<meta property=\"og:type\" content=\"article\" \/>\n<meta property=\"og:title\" content=\"Intellio Initio Dome V CCTV kamera\" \/>\n<meta property=\"og:description\" content=\"Vand\u00e1lbiztos d\u00f3m CCTV kamera be\u00e9p\u00edtett \u00e9rz\u00e9kel\u0151kkel, zoom \u00e9s tiszta \u00e9jjell\u00e1t\u00f3 \u00fczemm\u00f3d + 3 \u00e9v gy\u00e1rt\u00f3i garancia.\" \/>\n<meta property=\"og:url\" content=\"https:\/\/intellio.eu\/hu\/products\/intellio-termekek\/intellio-initio-dome-vario-focus-cctv-camera\/\" \/>\n<meta property=\"og:site_name\" content=\"Intellio\" \/>\n<meta property=\"article:modified_time\" content=\"2023-06-12T13:40:09+00:00\" \/>\n<meta property=\"og:image\" content=\"https:\/\/adaptiverecognition.com\/app\/uploads\/2021\/12\/02163632\/intellio_initio_dome_v_4mp_main.png\" \/>\n\t<meta property=\"og:image:width\" content=\"1280\" \/>\n\t<meta property=\"og:image:height\" content=\"1280\" \/>\n\t<meta property=\"og:image:type\" content=\"image\/png\" \/>\n<meta name=\"twitter:card\" content=\"summary_large_image\" \/>\n<meta name=\"twitter:label1\" content=\"Becs\u00fclt olvas\u00e1si id\u0151\" \/>\n\t<meta name=\"twitter:data1\" content=\"1 perc\" \/>\n<script type=\"application\/ld+json\" class=\"yoast-schema-graph\">{\"@context\":\"https:\/\/schema.org\",\"@graph\":[{\"@type\":\"WebPage\",\"@id\":\"https:\/\/intellio.eu\/hu\/products\/intellio-termekek\/intellio-initio-dome-vario-focus-cctv-camera\/\",\"url\":\"https:\/\/intellio.eu\/hu\/products\/intellio-termekek\/intellio-initio-dome-vario-focus-cctv-camera\/\",\"name\":\"Intellio Initio Dome V CCTV kamera\",\"isPartOf\":{\"@id\":\"https:\/\/intellio.eu\/hu\/#website\"},\"datePublished\":\"2020-03-03T13:36:47+00:00\",\"dateModified\":\"2023-06-12T13:40:09+00:00\",\"description\":\"Vand\u00e1lbiztos d\u00f3m CCTV kamera be\u00e9p\u00edtett \u00e9rz\u00e9kel\u0151kkel, zoom \u00e9s tiszta \u00e9jjell\u00e1t\u00f3 \u00fczemm\u00f3d + 3 \u00e9v gy\u00e1rt\u00f3i garancia.\",\"breadcrumb\":{\"@id\":\"https:\/\/intellio.eu\/hu\/products\/intellio-termekek\/intellio-initio-dome-vario-focus-cctv-camera\/#breadcrumb\"},\"inLanguage\":\"hu\",\"potentialAction\":[{\"@type\":\"ReadAction\",\"target\":[\"https:\/\/intellio.eu\/hu\/products\/intellio-termekek\/intellio-initio-dome-vario-focus-cctv-camera\/\"]}]},{\"@type\":\"BreadcrumbList\",\"@id\":\"https:\/\/intellio.eu\/hu\/products\/intellio-termekek\/intellio-initio-dome-vario-focus-cctv-camera\/#breadcrumb\",\"itemListElement\":[{\"@type\":\"ListItem\",\"position\":1,\"name\":\"Home\",\"item\":\"https:\/\/intellio.eu\/hu\/home\/\"},{\"@type\":\"ListItem\",\"position\":2,\"name\":\"Shop\",\"item\":\"https:\/\/intellio.eu\/hu\/shop\/\"},{\"@type\":\"ListItem\",\"position\":3,\"name\":\"Intellio term\u00e9kek\",\"item\":\"https:\/\/intellio.eu\/hu\/product-categories\/intellio-termekek\/\"},{\"@type\":\"ListItem\",\"position\":4,\"name\":\"Intellio Initio Dome Vario Focus CCTV kamera\"}]},{\"@type\":\"WebSite\",\"@id\":\"https:\/\/intellio.eu\/hu\/#website\",\"url\":\"https:\/\/intellio.eu\/hu\/\",\"name\":\"Intellio\",\"description\":\"\",\"potentialAction\":[{\"@type\":\"SearchAction\",\"target\":{\"@type\":\"EntryPoint\",\"urlTemplate\":\"https:\/\/intellio.eu\/hu\/?s={search_term_string}\"},\"query-input\":\"required name=search_term_string\"}],\"inLanguage\":\"hu\"}]}<\/script>\n<!-- \/ Yoast SEO plugin. -->","yoast_head_json":{"title":"Intellio Initio Dome V CCTV kamera","description":"Vand\u00e1lbiztos d\u00f3m CCTV kamera be\u00e9p\u00edtett \u00e9rz\u00e9kel\u0151kkel, zoom \u00e9s tiszta \u00e9jjell\u00e1t\u00f3 \u00fczemm\u00f3d + 3 \u00e9v gy\u00e1rt\u00f3i garancia.","robots":{"index":"index","follow":"follow","max-snippet":"max-snippet:-1","max-image-preview":"max-image-preview:large","max-video-preview":"max-video-preview:-1"},"canonical":"https:\/\/intellio.eu\/hu\/products\/intellio-termekek\/intellio-initio-dome-vario-focus-cctv-camera\/","og_locale":"hu_HU","og_type":"article","og_title":"Intellio Initio Dome V CCTV kamera","og_description":"Vand\u00e1lbiztos d\u00f3m CCTV kamera be\u00e9p\u00edtett \u00e9rz\u00e9kel\u0151kkel, zoom \u00e9s tiszta \u00e9jjell\u00e1t\u00f3 \u00fczemm\u00f3d + 3 \u00e9v gy\u00e1rt\u00f3i garancia.","og_url":"https:\/\/intellio.eu\/hu\/products\/intellio-termekek\/intellio-initio-dome-vario-focus-cctv-camera\/","og_site_name":"Intellio","article_modified_time":"2023-06-12T13:40:09+00:00","og_image":[{"width":1280,"height":1280,"url":"https:\/\/adaptiverecognition.com\/app\/uploads\/2021\/12\/02163632\/intellio_initio_dome_v_4mp_main.png","type":"image\/png"}],"twitter_card":"summary_large_image","twitter_misc":{"Becs\u00fclt olvas\u00e1si id\u0151":"1 perc"},"schema":{"@context":"https:\/\/schema.org","@graph":[{"@type":"WebPage","@id":"https:\/\/intellio.eu\/hu\/products\/intellio-termekek\/intellio-initio-dome-vario-focus-cctv-camera\/","url":"https:\/\/intellio.eu\/hu\/products\/intellio-termekek\/intellio-initio-dome-vario-focus-cctv-camera\/","name":"Intellio Initio Dome V CCTV kamera","isPartOf":{"@id":"https:\/\/intellio.eu\/hu\/#website"},"datePublished":"2020-03-03T13:36:47+00:00","dateModified":"2023-06-12T13:40:09+00:00","description":"Vand\u00e1lbiztos d\u00f3m CCTV kamera be\u00e9p\u00edtett \u00e9rz\u00e9kel\u0151kkel, zoom \u00e9s tiszta \u00e9jjell\u00e1t\u00f3 \u00fczemm\u00f3d + 3 \u00e9v gy\u00e1rt\u00f3i garancia.","breadcrumb":{"@id":"https:\/\/intellio.eu\/hu\/products\/intellio-termekek\/intellio-initio-dome-vario-focus-cctv-camera\/#breadcrumb"},"inLanguage":"hu","potentialAction":[{"@type":"ReadAction","target":["https:\/\/intellio.eu\/hu\/products\/intellio-termekek\/intellio-initio-dome-vario-focus-cctv-camera\/"]}]},{"@type":"BreadcrumbList","@id":"https:\/\/intellio.eu\/hu\/products\/intellio-termekek\/intellio-initio-dome-vario-focus-cctv-camera\/#breadcrumb","itemListElement":[{"@type":"ListItem","position":1,"name":"Home","item":"https:\/\/intellio.eu\/hu\/home\/"},{"@type":"ListItem","position":2,"name":"Shop","item":"https:\/\/intellio.eu\/hu\/shop\/"},{"@type":"ListItem","position":3,"name":"Intellio term\u00e9kek","item":"https:\/\/intellio.eu\/hu\/product-categories\/intellio-termekek\/"},{"@type":"ListItem","position":4,"name":"Intellio Initio Dome Vario Focus CCTV kamera"}]},{"@type":"WebSite","@id":"https:\/\/intellio.eu\/hu\/#website","url":"https:\/\/intellio.eu\/hu\/","name":"Intellio","description":"","potentialAction":[{"@type":"SearchAction","target":{"@type":"EntryPoint","urlTemplate":"https:\/\/intellio.eu\/hu\/?s={search_term_string}"},"query-input":"required name=search_term_string"}],"inLanguage":"hu"}]}},"_links":{"self":[{"href":"https:\/\/intellio.eu\/hu\/wp-json\/wp\/v2\/product\/32306"}],"collection":[{"href":"https:\/\/intellio.eu\/hu\/wp-json\/wp\/v2\/product"}],"about":[{"href":"https:\/\/intellio.eu\/hu\/wp-json\/wp\/v2\/types\/product"}],"wp:featuredmedia":[{"embeddable":true,"href":"https:\/\/intellio.eu\/hu\/wp-json\/wp\/v2\/media\/16762"}],"wp:attachment":[{"href":"https:\/\/intellio.eu\/hu\/wp-json\/wp\/v2\/media?parent=32306"}],"wp:term":[{"taxonomy":"product_cat","embeddable":true,"href":"https:\/\/intellio.eu\/hu\/wp-json\/wp\/v2\/product_cat?post=32306"},{"taxonomy":"product_tag","embeddable":true,"href":"https:\/\/intellio.eu\/hu\/wp-json\/wp\/v2\/product_tag?post=32306"}],"curies":[{"name":"wp","href":"https:\/\/api.w.org\/{rel}","templated":true}]}}