{"id":32308,"date":"2020-03-03T14:35:37","date_gmt":"2020-03-03T13:35:37","guid":{"rendered":"https:\/\/intellio.eu\/intellio\/products\/nem-kategorizalt\/intellio-initio-dome-cctv-camera\/"},"modified":"2023-06-12T15:50:40","modified_gmt":"2023-06-12T13:50:40","slug":"intellio-initio-dome-cctv-camera","status":"publish","type":"product","link":"https:\/\/intellio.eu\/hu\/products\/intellio-termekek\/intellio-initio-dome-cctv-camera\/","title":{"rendered":"Intellio Initio Dome CCTV kamera"},"content":{"rendered":"<p>Az Initio sorozat c\u00e9lja a CCTV megfigyel\u00e9s \u00faj korszaka. Ezek a kamer\u00e1k kell\u0151en intelligensek ahhoz, hogy automatikusan \u00e9szleljenek bizonyos esem\u00e9nyeket, mint p\u00e9ld\u00e1ul a behatol\u00e1s vagy a vonal\u00e1thalad\u00e1s \u2013 k\u00f6sz\u00f6nhet\u0151en a be\u00e9p\u00edtett mesters\u00e9ges intelligencia funkci\u00f3nak.<\/p>\n<p>Mit k\u00edn\u00e1l ez a d\u00f3mkamera az \u00d6n biztons\u00e1gi rendszer\u00e9hez? Robusztus \u00e9s vand\u00e1lbiztos konstrukci\u00f3, amely IP67 \u00e9s IK10 besorol\u00e1s\u00fa. Kiv\u00e1l\u00f3 k\u00e9pmin\u0151s\u00e9g az \u00faj 4 MP-es \u00e9rz\u00e9kel\u0151nek \u00e9s a 2,8 mm-es fix objekt\u00edvnek k\u00f6sz\u00f6nhet\u0151en. Nagy hat\u00f3t\u00e1vols\u00e1g\u00fa \u00e9jszakai l\u00e1t\u00e1s az er\u0151s infrav\u00f6r\u00f6s megvil\u00e1g\u00edt\u00e1snak k\u00f6sz\u00f6nhet\u0151en, ak\u00e1r 30 m\u00e9terig \u00e9jszaka vagy gyenge f\u00e9nyviszonyok k\u00f6z\u00f6tt. Praktikus haszn\u00e1lat bel- \u00e9s k\u00fclt\u00e9ren egyar\u00e1nt.<\/p>\n<p>Mindezeket az el\u0151ny\u00f6ket 3 \u00e9v gy\u00e1rt\u00f3i garancia biztos\u00edtja, amely hossz\u00fa t\u00e1v\u00fa megold\u00e1st biztos\u00edt b\u00e1rmilyen fel\u00fcgyeleti feladatra.<\/p>\n","protected":false},"excerpt":{"rendered":"<p>Vand\u00e1lbiztos d\u00f3mkamera infrav\u00f6r\u00f6s \u00e9rz\u00e9kel\u0151vel a gyenge f\u00e9nyviszonyok eset\u00e9re<\/p>\n","protected":false},"featured_media":16765,"template":"","meta":[],"product_cat":[1883],"product_tag":[],"acf":[],"yoast_head":"<!-- This site is optimized with the Yoast SEO plugin v21.1 - https:\/\/yoast.com\/wordpress\/plugins\/seo\/ -->\n<title>Intellio Initio Dome CCTV kamera<\/title>\n<meta name=\"description\" content=\"Vand\u00e1lbiztos d\u00f3m CCTV kamera fix objekt\u00edvvel, be\u00e9p\u00edtett \u00e9rz\u00e9kel\u0151kkel \u00e9s \u00e9jjell\u00e1t\u00f3 \u00fczemm\u00f3ddal + 3 \u00e9v gy\u00e1rt\u00f3i garancia.\" \/>\n<meta name=\"robots\" content=\"index, follow, max-snippet:-1, max-image-preview:large, max-video-preview:-1\" \/>\n<link rel=\"canonical\" href=\"https:\/\/intellio.eu\/hu\/products\/intellio-termekek\/intellio-initio-dome-cctv-camera\/\" \/>\n<meta property=\"og:locale\" content=\"hu_HU\" \/>\n<meta property=\"og:type\" content=\"article\" \/>\n<meta property=\"og:title\" content=\"Intellio Initio Dome CCTV kamera\" \/>\n<meta property=\"og:description\" content=\"Vand\u00e1lbiztos d\u00f3m CCTV kamera fix objekt\u00edvvel, be\u00e9p\u00edtett \u00e9rz\u00e9kel\u0151kkel \u00e9s \u00e9jjell\u00e1t\u00f3 \u00fczemm\u00f3ddal + 3 \u00e9v gy\u00e1rt\u00f3i garancia.\" \/>\n<meta property=\"og:url\" content=\"https:\/\/intellio.eu\/hu\/products\/intellio-termekek\/intellio-initio-dome-cctv-camera\/\" \/>\n<meta property=\"og:site_name\" content=\"Intellio\" \/>\n<meta property=\"article:modified_time\" content=\"2023-06-12T13:50:40+00:00\" \/>\n<meta property=\"og:image\" content=\"https:\/\/adaptiverecognition.com\/app\/uploads\/2021\/12\/03133914\/intellio_initio_dome_4mp_main-e1673971301286.png\" \/>\n\t<meta property=\"og:image:width\" content=\"600\" \/>\n\t<meta property=\"og:image:height\" content=\"600\" \/>\n\t<meta property=\"og:image:type\" content=\"image\/png\" \/>\n<meta name=\"twitter:card\" content=\"summary_large_image\" \/>\n<meta name=\"twitter:label1\" content=\"Becs\u00fclt olvas\u00e1si id\u0151\" \/>\n\t<meta name=\"twitter:data1\" content=\"1 perc\" \/>\n<script type=\"application\/ld+json\" class=\"yoast-schema-graph\">{\"@context\":\"https:\/\/schema.org\",\"@graph\":[{\"@type\":\"WebPage\",\"@id\":\"https:\/\/intellio.eu\/hu\/products\/intellio-termekek\/intellio-initio-dome-cctv-camera\/\",\"url\":\"https:\/\/intellio.eu\/hu\/products\/intellio-termekek\/intellio-initio-dome-cctv-camera\/\",\"name\":\"Intellio Initio Dome CCTV kamera\",\"isPartOf\":{\"@id\":\"https:\/\/intellio.eu\/hu\/#website\"},\"datePublished\":\"2020-03-03T13:35:37+00:00\",\"dateModified\":\"2023-06-12T13:50:40+00:00\",\"description\":\"Vand\u00e1lbiztos d\u00f3m CCTV kamera fix objekt\u00edvvel, be\u00e9p\u00edtett \u00e9rz\u00e9kel\u0151kkel \u00e9s \u00e9jjell\u00e1t\u00f3 \u00fczemm\u00f3ddal + 3 \u00e9v gy\u00e1rt\u00f3i garancia.\",\"breadcrumb\":{\"@id\":\"https:\/\/intellio.eu\/hu\/products\/intellio-termekek\/intellio-initio-dome-cctv-camera\/#breadcrumb\"},\"inLanguage\":\"hu\",\"potentialAction\":[{\"@type\":\"ReadAction\",\"target\":[\"https:\/\/intellio.eu\/hu\/products\/intellio-termekek\/intellio-initio-dome-cctv-camera\/\"]}]},{\"@type\":\"BreadcrumbList\",\"@id\":\"https:\/\/intellio.eu\/hu\/products\/intellio-termekek\/intellio-initio-dome-cctv-camera\/#breadcrumb\",\"itemListElement\":[{\"@type\":\"ListItem\",\"position\":1,\"name\":\"Home\",\"item\":\"https:\/\/intellio.eu\/hu\/home\/\"},{\"@type\":\"ListItem\",\"position\":2,\"name\":\"Shop\",\"item\":\"https:\/\/intellio.eu\/hu\/shop\/\"},{\"@type\":\"ListItem\",\"position\":3,\"name\":\"Intellio term\u00e9kek\",\"item\":\"https:\/\/intellio.eu\/hu\/product-categories\/intellio-termekek\/\"},{\"@type\":\"ListItem\",\"position\":4,\"name\":\"Intellio Initio Dome CCTV kamera\"}]},{\"@type\":\"WebSite\",\"@id\":\"https:\/\/intellio.eu\/hu\/#website\",\"url\":\"https:\/\/intellio.eu\/hu\/\",\"name\":\"Intellio\",\"description\":\"\",\"potentialAction\":[{\"@type\":\"SearchAction\",\"target\":{\"@type\":\"EntryPoint\",\"urlTemplate\":\"https:\/\/intellio.eu\/hu\/?s={search_term_string}\"},\"query-input\":\"required name=search_term_string\"}],\"inLanguage\":\"hu\"}]}<\/script>\n<!-- \/ Yoast SEO plugin. -->","yoast_head_json":{"title":"Intellio Initio Dome CCTV kamera","description":"Vand\u00e1lbiztos d\u00f3m CCTV kamera fix objekt\u00edvvel, be\u00e9p\u00edtett \u00e9rz\u00e9kel\u0151kkel \u00e9s \u00e9jjell\u00e1t\u00f3 \u00fczemm\u00f3ddal + 3 \u00e9v gy\u00e1rt\u00f3i garancia.","robots":{"index":"index","follow":"follow","max-snippet":"max-snippet:-1","max-image-preview":"max-image-preview:large","max-video-preview":"max-video-preview:-1"},"canonical":"https:\/\/intellio.eu\/hu\/products\/intellio-termekek\/intellio-initio-dome-cctv-camera\/","og_locale":"hu_HU","og_type":"article","og_title":"Intellio Initio Dome CCTV kamera","og_description":"Vand\u00e1lbiztos d\u00f3m CCTV kamera fix objekt\u00edvvel, be\u00e9p\u00edtett \u00e9rz\u00e9kel\u0151kkel \u00e9s \u00e9jjell\u00e1t\u00f3 \u00fczemm\u00f3ddal + 3 \u00e9v gy\u00e1rt\u00f3i garancia.","og_url":"https:\/\/intellio.eu\/hu\/products\/intellio-termekek\/intellio-initio-dome-cctv-camera\/","og_site_name":"Intellio","article_modified_time":"2023-06-12T13:50:40+00:00","og_image":[{"width":600,"height":600,"url":"https:\/\/adaptiverecognition.com\/app\/uploads\/2021\/12\/03133914\/intellio_initio_dome_4mp_main-e1673971301286.png","type":"image\/png"}],"twitter_card":"summary_large_image","twitter_misc":{"Becs\u00fclt olvas\u00e1si id\u0151":"1 perc"},"schema":{"@context":"https:\/\/schema.org","@graph":[{"@type":"WebPage","@id":"https:\/\/intellio.eu\/hu\/products\/intellio-termekek\/intellio-initio-dome-cctv-camera\/","url":"https:\/\/intellio.eu\/hu\/products\/intellio-termekek\/intellio-initio-dome-cctv-camera\/","name":"Intellio Initio Dome CCTV kamera","isPartOf":{"@id":"https:\/\/intellio.eu\/hu\/#website"},"datePublished":"2020-03-03T13:35:37+00:00","dateModified":"2023-06-12T13:50:40+00:00","description":"Vand\u00e1lbiztos d\u00f3m CCTV kamera fix objekt\u00edvvel, be\u00e9p\u00edtett \u00e9rz\u00e9kel\u0151kkel \u00e9s \u00e9jjell\u00e1t\u00f3 \u00fczemm\u00f3ddal + 3 \u00e9v gy\u00e1rt\u00f3i garancia.","breadcrumb":{"@id":"https:\/\/intellio.eu\/hu\/products\/intellio-termekek\/intellio-initio-dome-cctv-camera\/#breadcrumb"},"inLanguage":"hu","potentialAction":[{"@type":"ReadAction","target":["https:\/\/intellio.eu\/hu\/products\/intellio-termekek\/intellio-initio-dome-cctv-camera\/"]}]},{"@type":"BreadcrumbList","@id":"https:\/\/intellio.eu\/hu\/products\/intellio-termekek\/intellio-initio-dome-cctv-camera\/#breadcrumb","itemListElement":[{"@type":"ListItem","position":1,"name":"Home","item":"https:\/\/intellio.eu\/hu\/home\/"},{"@type":"ListItem","position":2,"name":"Shop","item":"https:\/\/intellio.eu\/hu\/shop\/"},{"@type":"ListItem","position":3,"name":"Intellio term\u00e9kek","item":"https:\/\/intellio.eu\/hu\/product-categories\/intellio-termekek\/"},{"@type":"ListItem","position":4,"name":"Intellio Initio Dome CCTV kamera"}]},{"@type":"WebSite","@id":"https:\/\/intellio.eu\/hu\/#website","url":"https:\/\/intellio.eu\/hu\/","name":"Intellio","description":"","potentialAction":[{"@type":"SearchAction","target":{"@type":"EntryPoint","urlTemplate":"https:\/\/intellio.eu\/hu\/?s={search_term_string}"},"query-input":"required name=search_term_string"}],"inLanguage":"hu"}]}},"_links":{"self":[{"href":"https:\/\/intellio.eu\/hu\/wp-json\/wp\/v2\/product\/32308"}],"collection":[{"href":"https:\/\/intellio.eu\/hu\/wp-json\/wp\/v2\/product"}],"about":[{"href":"https:\/\/intellio.eu\/hu\/wp-json\/wp\/v2\/types\/product"}],"wp:featuredmedia":[{"embeddable":true,"href":"https:\/\/intellio.eu\/hu\/wp-json\/wp\/v2\/media\/16765"}],"wp:attachment":[{"href":"https:\/\/intellio.eu\/hu\/wp-json\/wp\/v2\/media?parent=32308"}],"wp:term":[{"taxonomy":"product_cat","embeddable":true,"href":"https:\/\/intellio.eu\/hu\/wp-json\/wp\/v2\/product_cat?post=32308"},{"taxonomy":"product_tag","embeddable":true,"href":"https:\/\/intellio.eu\/hu\/wp-json\/wp\/v2\/product_tag?post=32308"}],"curies":[{"name":"wp","href":"https:\/\/api.w.org\/{rel}","templated":true}]}}