{"id":32309,"date":"2020-03-03T14:23:51","date_gmt":"2020-03-03T13:23:51","guid":{"rendered":"https:\/\/intellio.eu\/intellio\/products\/nem-kategorizalt\/ivs5-cctv-video-surveillance\/"},"modified":"2026-03-24T17:14:21","modified_gmt":"2026-03-24T16:14:21","slug":"ivs5-cctv-video-szoftver","status":"publish","type":"product","link":"https:\/\/intellio.eu\/hu\/products\/intellio-termekek\/ivs5-cctv-video-szoftver\/","title":{"rendered":"Intellio Video System"},"content":{"rendered":"<p>Mi\u00e9rt t\u00f6lts\u00f6n id\u0151t a biztons\u00e1gi monitorokn\u00e1l, folyamatosan p\u00e1szt\u00e1zva, mi t\u00f6rt\u00e9nik \u2013 vagy a kor\u00e1bbi esem\u00e9nyeket keresve \u00f3r\u00e1kon \u00e1t b\u00f6ng\u00e9szve a rekordokat \u2013, ha az IVS5 intelligens vide\u00f3 menedzsment szoftver mindezt automatikusan elv\u00e9gzi?<\/p>\n<p>B\u00e1rmely biztons\u00e1gi csapat profit\u00e1l majd az IVS5 intelligens elemz\u00e9s\u00e9b\u0151l, mivel kevesebb odafigyel\u00e9st \u00e9s kevesebb emberi er\u0151forr\u00e1st ig\u00e9nyel egy ilyen rendszer haszn\u00e1lata. Az IVS5 a csatlakoztatott biztons\u00e1gi kamer\u00e1k intelligens funkci\u00f3it haszn\u00e1lja, amelyek t\u00f6bb esem\u00e9nyt is \u00e9szlelnek a k\u00f6rny\u00e9ken, p\u00e9ld\u00e1ul b\u00e1rmilyen mozg\u00e1st, \u00e1thalad\u00e1sokat, lop\u00e1sokat stb. Ez a CCTV fel\u00fcgyeleti rendszer intelligens esem\u00e9nyalap\u00fa keres\u00e9st k\u00edn\u00e1l, \u00edgy az \u00e9rdekl\u0151d\u00e9sre sz\u00e1mot tart\u00f3 rekordok sz\u00fcks\u00e9g eset\u00e9n azonnal el\u00e9rhet\u0151v\u00e9 v\u00e1lnak.<\/p>\n","protected":false},"excerpt":{"rendered":"<p>Tegye okosabb\u00e1 CCTV rendszer\u00e9t intelligens elemz\u00e9sekkel \u00e9s praktikus vide\u00f3kezel\u00e9ssel!<\/p>\n","protected":false},"featured_media":16735,"template":"","meta":[],"product_cat":[1883],"product_tag":[],"acf":[],"yoast_head":"<!-- This site is optimized with the Yoast SEO plugin v21.1 - https:\/\/yoast.com\/wordpress\/plugins\/seo\/ -->\n<title>Intellio Video System IVS5 | Biztons\u00e1gi vide\u00f3 analitika<\/title>\n<meta name=\"description\" content=\"IVS5: az \u00d6n CCTV-rendszere AI alap\u00fa vide\u00f3analitik\u00e1val, vonal\u00e1tl\u00e9p\u00e9s-\u00e9rz\u00e9kel\u00e9ssel, objektumk\u00f6vet\u00e9ssel, esem\u00e9nyalap\u00fa keres\u00e9ssel \u00e9s m\u00e9g sok m\u00e1ssal.\" \/>\n<meta name=\"robots\" content=\"index, follow, max-snippet:-1, max-image-preview:large, max-video-preview:-1\" \/>\n<link rel=\"canonical\" href=\"https:\/\/intellio.eu\/hu\/products\/intellio-termekek\/ivs5-cctv-video-szoftver\/\" \/>\n<meta property=\"og:locale\" content=\"hu_HU\" \/>\n<meta property=\"og:type\" content=\"article\" \/>\n<meta property=\"og:title\" content=\"Intellio Video System IVS5 | Biztons\u00e1gi vide\u00f3 analitika\" \/>\n<meta property=\"og:description\" content=\"IVS5: az \u00d6n CCTV-rendszere AI alap\u00fa vide\u00f3analitik\u00e1val, vonal\u00e1tl\u00e9p\u00e9s-\u00e9rz\u00e9kel\u00e9ssel, objektumk\u00f6vet\u00e9ssel, esem\u00e9nyalap\u00fa keres\u00e9ssel \u00e9s m\u00e9g sok m\u00e1ssal.\" \/>\n<meta property=\"og:url\" content=\"https:\/\/intellio.eu\/hu\/products\/intellio-termekek\/ivs5-cctv-video-szoftver\/\" \/>\n<meta property=\"og:site_name\" content=\"Intellio\" \/>\n<meta property=\"article:modified_time\" content=\"2026-03-24T16:14:21+00:00\" \/>\n<meta property=\"og:image\" content=\"https:\/\/adaptiverecognition.com\/app\/uploads\/2020\/03\/26071140\/Intellio_IVS5.png\" \/>\n\t<meta property=\"og:image:width\" content=\"380\" \/>\n\t<meta property=\"og:image:height\" content=\"380\" \/>\n\t<meta property=\"og:image:type\" content=\"image\/png\" \/>\n<meta name=\"twitter:card\" content=\"summary_large_image\" \/>\n<meta name=\"twitter:label1\" content=\"Becs\u00fclt olvas\u00e1si id\u0151\" \/>\n\t<meta name=\"twitter:data1\" content=\"1 perc\" \/>\n<script type=\"application\/ld+json\" class=\"yoast-schema-graph\">{\"@context\":\"https:\/\/schema.org\",\"@graph\":[{\"@type\":\"WebPage\",\"@id\":\"https:\/\/intellio.eu\/hu\/products\/intellio-termekek\/ivs5-cctv-video-szoftver\/\",\"url\":\"https:\/\/intellio.eu\/hu\/products\/intellio-termekek\/ivs5-cctv-video-szoftver\/\",\"name\":\"Intellio Video System IVS5 | Biztons\u00e1gi vide\u00f3 analitika\",\"isPartOf\":{\"@id\":\"https:\/\/intellio.eu\/hu\/#website\"},\"datePublished\":\"2020-03-03T13:23:51+00:00\",\"dateModified\":\"2026-03-24T16:14:21+00:00\",\"description\":\"IVS5: az \u00d6n CCTV-rendszere AI alap\u00fa vide\u00f3analitik\u00e1val, vonal\u00e1tl\u00e9p\u00e9s-\u00e9rz\u00e9kel\u00e9ssel, objektumk\u00f6vet\u00e9ssel, esem\u00e9nyalap\u00fa keres\u00e9ssel \u00e9s m\u00e9g sok m\u00e1ssal.\",\"breadcrumb\":{\"@id\":\"https:\/\/intellio.eu\/hu\/products\/intellio-termekek\/ivs5-cctv-video-szoftver\/#breadcrumb\"},\"inLanguage\":\"hu\",\"potentialAction\":[{\"@type\":\"ReadAction\",\"target\":[\"https:\/\/intellio.eu\/hu\/products\/intellio-termekek\/ivs5-cctv-video-szoftver\/\"]}]},{\"@type\":\"BreadcrumbList\",\"@id\":\"https:\/\/intellio.eu\/hu\/products\/intellio-termekek\/ivs5-cctv-video-szoftver\/#breadcrumb\",\"itemListElement\":[{\"@type\":\"ListItem\",\"position\":1,\"name\":\"Home\",\"item\":\"https:\/\/intellio.eu\/hu\/home\/\"},{\"@type\":\"ListItem\",\"position\":2,\"name\":\"Term\u00e9kek\",\"item\":\"https:\/\/intellio.eu\/hu\/products-3\/\"},{\"@type\":\"ListItem\",\"position\":3,\"name\":\"Intellio Video System\"}]},{\"@type\":\"WebSite\",\"@id\":\"https:\/\/intellio.eu\/hu\/#website\",\"url\":\"https:\/\/intellio.eu\/hu\/\",\"name\":\"Intellio\",\"description\":\"\",\"potentialAction\":[{\"@type\":\"SearchAction\",\"target\":{\"@type\":\"EntryPoint\",\"urlTemplate\":\"https:\/\/intellio.eu\/hu\/?s={search_term_string}\"},\"query-input\":\"required name=search_term_string\"}],\"inLanguage\":\"hu\"}]}<\/script>\n<!-- \/ Yoast SEO plugin. -->","yoast_head_json":{"title":"Intellio Video System IVS5 | Biztons\u00e1gi vide\u00f3 analitika","description":"IVS5: az \u00d6n CCTV-rendszere AI alap\u00fa vide\u00f3analitik\u00e1val, vonal\u00e1tl\u00e9p\u00e9s-\u00e9rz\u00e9kel\u00e9ssel, objektumk\u00f6vet\u00e9ssel, esem\u00e9nyalap\u00fa keres\u00e9ssel \u00e9s m\u00e9g sok m\u00e1ssal.","robots":{"index":"index","follow":"follow","max-snippet":"max-snippet:-1","max-image-preview":"max-image-preview:large","max-video-preview":"max-video-preview:-1"},"canonical":"https:\/\/intellio.eu\/hu\/products\/intellio-termekek\/ivs5-cctv-video-szoftver\/","og_locale":"hu_HU","og_type":"article","og_title":"Intellio Video System IVS5 | Biztons\u00e1gi vide\u00f3 analitika","og_description":"IVS5: az \u00d6n CCTV-rendszere AI alap\u00fa vide\u00f3analitik\u00e1val, vonal\u00e1tl\u00e9p\u00e9s-\u00e9rz\u00e9kel\u00e9ssel, objektumk\u00f6vet\u00e9ssel, esem\u00e9nyalap\u00fa keres\u00e9ssel \u00e9s m\u00e9g sok m\u00e1ssal.","og_url":"https:\/\/intellio.eu\/hu\/products\/intellio-termekek\/ivs5-cctv-video-szoftver\/","og_site_name":"Intellio","article_modified_time":"2026-03-24T16:14:21+00:00","og_image":[{"width":380,"height":380,"url":"https:\/\/adaptiverecognition.com\/app\/uploads\/2020\/03\/26071140\/Intellio_IVS5.png","type":"image\/png"}],"twitter_card":"summary_large_image","twitter_misc":{"Becs\u00fclt olvas\u00e1si id\u0151":"1 perc"},"schema":{"@context":"https:\/\/schema.org","@graph":[{"@type":"WebPage","@id":"https:\/\/intellio.eu\/hu\/products\/intellio-termekek\/ivs5-cctv-video-szoftver\/","url":"https:\/\/intellio.eu\/hu\/products\/intellio-termekek\/ivs5-cctv-video-szoftver\/","name":"Intellio Video System IVS5 | Biztons\u00e1gi vide\u00f3 analitika","isPartOf":{"@id":"https:\/\/intellio.eu\/hu\/#website"},"datePublished":"2020-03-03T13:23:51+00:00","dateModified":"2026-03-24T16:14:21+00:00","description":"IVS5: az \u00d6n CCTV-rendszere AI alap\u00fa vide\u00f3analitik\u00e1val, vonal\u00e1tl\u00e9p\u00e9s-\u00e9rz\u00e9kel\u00e9ssel, objektumk\u00f6vet\u00e9ssel, esem\u00e9nyalap\u00fa keres\u00e9ssel \u00e9s m\u00e9g sok m\u00e1ssal.","breadcrumb":{"@id":"https:\/\/intellio.eu\/hu\/products\/intellio-termekek\/ivs5-cctv-video-szoftver\/#breadcrumb"},"inLanguage":"hu","potentialAction":[{"@type":"ReadAction","target":["https:\/\/intellio.eu\/hu\/products\/intellio-termekek\/ivs5-cctv-video-szoftver\/"]}]},{"@type":"BreadcrumbList","@id":"https:\/\/intellio.eu\/hu\/products\/intellio-termekek\/ivs5-cctv-video-szoftver\/#breadcrumb","itemListElement":[{"@type":"ListItem","position":1,"name":"Home","item":"https:\/\/intellio.eu\/hu\/home\/"},{"@type":"ListItem","position":2,"name":"Term\u00e9kek","item":"https:\/\/intellio.eu\/hu\/products-3\/"},{"@type":"ListItem","position":3,"name":"Intellio Video System"}]},{"@type":"WebSite","@id":"https:\/\/intellio.eu\/hu\/#website","url":"https:\/\/intellio.eu\/hu\/","name":"Intellio","description":"","potentialAction":[{"@type":"SearchAction","target":{"@type":"EntryPoint","urlTemplate":"https:\/\/intellio.eu\/hu\/?s={search_term_string}"},"query-input":"required name=search_term_string"}],"inLanguage":"hu"}]}},"_links":{"self":[{"href":"https:\/\/intellio.eu\/hu\/wp-json\/wp\/v2\/product\/32309"}],"collection":[{"href":"https:\/\/intellio.eu\/hu\/wp-json\/wp\/v2\/product"}],"about":[{"href":"https:\/\/intellio.eu\/hu\/wp-json\/wp\/v2\/types\/product"}],"wp:featuredmedia":[{"embeddable":true,"href":"https:\/\/intellio.eu\/hu\/wp-json\/wp\/v2\/media\/16735"}],"wp:attachment":[{"href":"https:\/\/intellio.eu\/hu\/wp-json\/wp\/v2\/media?parent=32309"}],"wp:term":[{"taxonomy":"product_cat","embeddable":true,"href":"https:\/\/intellio.eu\/hu\/wp-json\/wp\/v2\/product_cat?post=32309"},{"taxonomy":"product_tag","embeddable":true,"href":"https:\/\/intellio.eu\/hu\/wp-json\/wp\/v2\/product_tag?post=32309"}],"curies":[{"name":"wp","href":"https:\/\/api.w.org\/{rel}","templated":true}]}}