{"id":32363,"date":"2020-03-03T14:50:17","date_gmt":"2020-03-03T13:50:17","guid":{"rendered":"https:\/\/intellio.eu\/products\/uncategorized\/intellio-quickview-ptz-camera\/"},"modified":"2024-05-22T16:33:16","modified_gmt":"2024-05-22T14:33:16","slug":"intellio-quickview-ptz-camera","status":"publish","type":"product","link":"https:\/\/intellio.eu\/hu\/products\/intellio-termekek\/intellio-quickview-ptz-camera\/","title":{"rendered":"Intellio QuickView kamera"},"content":{"rendered":"<p>Az Intellio QuickView PTZ kamer\u00e1ja \u00faj korszakot hoz a megfigyel\u00e9sben. PTZ-jellemz\u0151inek (pan-tilt-zoom) k\u00f6sz\u00f6nhet\u0151en 360\u00b0-ban elforgathat\u00f3, d\u00f6nthet\u0151 \u00e9s nagy\u00edthat\u00f3 a v\u00e9delem fokoz\u00e1sa \u00e9rdek\u00e9ben, t\u00e1rgyk\u00f6vet\u0151 funkci\u00f3ja pedig megk\u00f6nny\u00edti a biztons\u00e1gi szem\u00e9lyzet munk\u00e1j\u00e1t. Ez egy igaz\u00e1n intelligens IP kamera, er\u0151s infrav\u00f6r\u00f6s megvil\u00e1g\u00edt\u00e1ssal, amely ak\u00e1r \u00e9jszakai \u00f3r\u00e1kban is lehet\u0151v\u00e9 teszi a nagy t\u00e1vols\u00e1g\u00fa megfigyel\u00e9st.<\/p>\n","protected":false},"excerpt":{"rendered":"<p>4MP Speed dome kamer\u00e1k opcion\u00e1lis 25x vagy 45x digit\u00e1lis zoommal \u00e9s ManualTracking objektum k\u00f6vet\u00e9s funkci\u00f3val az IVS menedzsment szoftverben.<\/p>\n","protected":false},"featured_media":32533,"template":"","meta":[],"product_cat":[1883],"product_tag":[],"acf":[],"yoast_head":"<!-- This site is optimized with the Yoast SEO plugin v21.1 - https:\/\/yoast.com\/wordpress\/plugins\/seo\/ -->\n<title>Intellio QuickView PTZ kamera<\/title>\n<meta name=\"description\" content=\"Intellio QuickView PTZ kamera manu\u00e1lis objektum k\u00f6vet\u00e9s funkci\u00f3val, \u00faj korszakot nyit a megfigyel\u00e9sben. 360\u00b0-ban forog, d\u00f6nthet\u0151 \u00e9s zoomolhat\u00f3 a v\u00e9delem fokoz\u00e1sa \u00e9rdek\u00e9ben.\" \/>\n<meta name=\"robots\" content=\"index, follow, max-snippet:-1, max-image-preview:large, max-video-preview:-1\" \/>\n<link rel=\"canonical\" href=\"https:\/\/intellio.eu\/hu\/products\/intellio-termekek\/intellio-quickview-ptz-camera\/\" \/>\n<meta property=\"og:locale\" content=\"hu_HU\" \/>\n<meta property=\"og:type\" content=\"article\" \/>\n<meta property=\"og:title\" content=\"Intellio QuickView PTZ kamera\" \/>\n<meta property=\"og:description\" content=\"Intellio QuickView PTZ kamera manu\u00e1lis objektum k\u00f6vet\u00e9s funkci\u00f3val, \u00faj korszakot nyit a megfigyel\u00e9sben. 360\u00b0-ban forog, d\u00f6nthet\u0151 \u00e9s zoomolhat\u00f3 a v\u00e9delem fokoz\u00e1sa \u00e9rdek\u00e9ben.\" \/>\n<meta property=\"og:url\" content=\"https:\/\/intellio.eu\/hu\/products\/intellio-termekek\/intellio-quickview-ptz-camera\/\" \/>\n<meta property=\"og:site_name\" content=\"Intellio\" \/>\n<meta property=\"article:modified_time\" content=\"2024-05-22T14:33:16+00:00\" \/>\n<meta property=\"og:image\" content=\"https:\/\/adaptiverecognition.com\/app\/uploads\/sites\/40\/2020\/03\/02175137\/ILB-340-SD-25_web.png\" \/>\n\t<meta property=\"og:image:width\" content=\"1778\" \/>\n\t<meta property=\"og:image:height\" content=\"1000\" \/>\n\t<meta property=\"og:image:type\" content=\"image\/png\" \/>\n<meta name=\"twitter:card\" content=\"summary_large_image\" \/>\n<meta name=\"twitter:label1\" content=\"Becs\u00fclt olvas\u00e1si id\u0151\" \/>\n\t<meta name=\"twitter:data1\" content=\"1 perc\" \/>\n<script type=\"application\/ld+json\" class=\"yoast-schema-graph\">{\"@context\":\"https:\/\/schema.org\",\"@graph\":[{\"@type\":\"WebPage\",\"@id\":\"https:\/\/intellio.eu\/hu\/products\/intellio-termekek\/intellio-quickview-ptz-camera\/\",\"url\":\"https:\/\/intellio.eu\/hu\/products\/intellio-termekek\/intellio-quickview-ptz-camera\/\",\"name\":\"Intellio QuickView PTZ kamera\",\"isPartOf\":{\"@id\":\"https:\/\/intellio.eu\/hu\/#website\"},\"datePublished\":\"2020-03-03T13:50:17+00:00\",\"dateModified\":\"2024-05-22T14:33:16+00:00\",\"description\":\"Intellio QuickView PTZ kamera manu\u00e1lis objektum k\u00f6vet\u00e9s funkci\u00f3val, \u00faj korszakot nyit a megfigyel\u00e9sben. 360\u00b0-ban forog, d\u00f6nthet\u0151 \u00e9s zoomolhat\u00f3 a v\u00e9delem fokoz\u00e1sa \u00e9rdek\u00e9ben.\",\"breadcrumb\":{\"@id\":\"https:\/\/intellio.eu\/hu\/products\/intellio-termekek\/intellio-quickview-ptz-camera\/#breadcrumb\"},\"inLanguage\":\"hu\",\"potentialAction\":[{\"@type\":\"ReadAction\",\"target\":[\"https:\/\/intellio.eu\/hu\/products\/intellio-termekek\/intellio-quickview-ptz-camera\/\"]}]},{\"@type\":\"BreadcrumbList\",\"@id\":\"https:\/\/intellio.eu\/hu\/products\/intellio-termekek\/intellio-quickview-ptz-camera\/#breadcrumb\",\"itemListElement\":[{\"@type\":\"ListItem\",\"position\":1,\"name\":\"Home\",\"item\":\"https:\/\/intellio.eu\/hu\/home\/\"},{\"@type\":\"ListItem\",\"position\":2,\"name\":\"Shop\",\"item\":\"https:\/\/intellio.eu\/hu\/shop\/\"},{\"@type\":\"ListItem\",\"position\":3,\"name\":\"Intellio term\u00e9kek\",\"item\":\"https:\/\/intellio.eu\/hu\/product-categories\/intellio-termekek\/\"},{\"@type\":\"ListItem\",\"position\":4,\"name\":\"Intellio QuickView kamera\"}]},{\"@type\":\"WebSite\",\"@id\":\"https:\/\/intellio.eu\/hu\/#website\",\"url\":\"https:\/\/intellio.eu\/hu\/\",\"name\":\"Intellio\",\"description\":\"\",\"potentialAction\":[{\"@type\":\"SearchAction\",\"target\":{\"@type\":\"EntryPoint\",\"urlTemplate\":\"https:\/\/intellio.eu\/hu\/?s={search_term_string}\"},\"query-input\":\"required name=search_term_string\"}],\"inLanguage\":\"hu\"}]}<\/script>\n<!-- \/ Yoast SEO plugin. -->","yoast_head_json":{"title":"Intellio QuickView PTZ kamera","description":"Intellio QuickView PTZ kamera manu\u00e1lis objektum k\u00f6vet\u00e9s funkci\u00f3val, \u00faj korszakot nyit a megfigyel\u00e9sben. 360\u00b0-ban forog, d\u00f6nthet\u0151 \u00e9s zoomolhat\u00f3 a v\u00e9delem fokoz\u00e1sa \u00e9rdek\u00e9ben.","robots":{"index":"index","follow":"follow","max-snippet":"max-snippet:-1","max-image-preview":"max-image-preview:large","max-video-preview":"max-video-preview:-1"},"canonical":"https:\/\/intellio.eu\/hu\/products\/intellio-termekek\/intellio-quickview-ptz-camera\/","og_locale":"hu_HU","og_type":"article","og_title":"Intellio QuickView PTZ kamera","og_description":"Intellio QuickView PTZ kamera manu\u00e1lis objektum k\u00f6vet\u00e9s funkci\u00f3val, \u00faj korszakot nyit a megfigyel\u00e9sben. 360\u00b0-ban forog, d\u00f6nthet\u0151 \u00e9s zoomolhat\u00f3 a v\u00e9delem fokoz\u00e1sa \u00e9rdek\u00e9ben.","og_url":"https:\/\/intellio.eu\/hu\/products\/intellio-termekek\/intellio-quickview-ptz-camera\/","og_site_name":"Intellio","article_modified_time":"2024-05-22T14:33:16+00:00","og_image":[{"width":1778,"height":1000,"url":"https:\/\/adaptiverecognition.com\/app\/uploads\/sites\/40\/2020\/03\/02175137\/ILB-340-SD-25_web.png","type":"image\/png"}],"twitter_card":"summary_large_image","twitter_misc":{"Becs\u00fclt olvas\u00e1si id\u0151":"1 perc"},"schema":{"@context":"https:\/\/schema.org","@graph":[{"@type":"WebPage","@id":"https:\/\/intellio.eu\/hu\/products\/intellio-termekek\/intellio-quickview-ptz-camera\/","url":"https:\/\/intellio.eu\/hu\/products\/intellio-termekek\/intellio-quickview-ptz-camera\/","name":"Intellio QuickView PTZ kamera","isPartOf":{"@id":"https:\/\/intellio.eu\/hu\/#website"},"datePublished":"2020-03-03T13:50:17+00:00","dateModified":"2024-05-22T14:33:16+00:00","description":"Intellio QuickView PTZ kamera manu\u00e1lis objektum k\u00f6vet\u00e9s funkci\u00f3val, \u00faj korszakot nyit a megfigyel\u00e9sben. 360\u00b0-ban forog, d\u00f6nthet\u0151 \u00e9s zoomolhat\u00f3 a v\u00e9delem fokoz\u00e1sa \u00e9rdek\u00e9ben.","breadcrumb":{"@id":"https:\/\/intellio.eu\/hu\/products\/intellio-termekek\/intellio-quickview-ptz-camera\/#breadcrumb"},"inLanguage":"hu","potentialAction":[{"@type":"ReadAction","target":["https:\/\/intellio.eu\/hu\/products\/intellio-termekek\/intellio-quickview-ptz-camera\/"]}]},{"@type":"BreadcrumbList","@id":"https:\/\/intellio.eu\/hu\/products\/intellio-termekek\/intellio-quickview-ptz-camera\/#breadcrumb","itemListElement":[{"@type":"ListItem","position":1,"name":"Home","item":"https:\/\/intellio.eu\/hu\/home\/"},{"@type":"ListItem","position":2,"name":"Shop","item":"https:\/\/intellio.eu\/hu\/shop\/"},{"@type":"ListItem","position":3,"name":"Intellio term\u00e9kek","item":"https:\/\/intellio.eu\/hu\/product-categories\/intellio-termekek\/"},{"@type":"ListItem","position":4,"name":"Intellio QuickView kamera"}]},{"@type":"WebSite","@id":"https:\/\/intellio.eu\/hu\/#website","url":"https:\/\/intellio.eu\/hu\/","name":"Intellio","description":"","potentialAction":[{"@type":"SearchAction","target":{"@type":"EntryPoint","urlTemplate":"https:\/\/intellio.eu\/hu\/?s={search_term_string}"},"query-input":"required name=search_term_string"}],"inLanguage":"hu"}]}},"_links":{"self":[{"href":"https:\/\/intellio.eu\/hu\/wp-json\/wp\/v2\/product\/32363"}],"collection":[{"href":"https:\/\/intellio.eu\/hu\/wp-json\/wp\/v2\/product"}],"about":[{"href":"https:\/\/intellio.eu\/hu\/wp-json\/wp\/v2\/types\/product"}],"wp:featuredmedia":[{"embeddable":true,"href":"https:\/\/intellio.eu\/hu\/wp-json\/wp\/v2\/media\/32533"}],"wp:attachment":[{"href":"https:\/\/intellio.eu\/hu\/wp-json\/wp\/v2\/media?parent=32363"}],"wp:term":[{"taxonomy":"product_cat","embeddable":true,"href":"https:\/\/intellio.eu\/hu\/wp-json\/wp\/v2\/product_cat?post=32363"},{"taxonomy":"product_tag","embeddable":true,"href":"https:\/\/intellio.eu\/hu\/wp-json\/wp\/v2\/product_tag?post=32363"}],"curies":[{"name":"wp","href":"https:\/\/api.w.org\/{rel}","templated":true}]}}