{"id":32382,"date":"2020-03-03T20:51:55","date_gmt":"2020-03-03T19:51:55","guid":{"rendered":"https:\/\/intellio.eu\/products\/uncategorized\/intellio-video-surveillance-cameras-es-vms-szoftver\/"},"modified":"2023-05-23T10:10:36","modified_gmt":"2023-05-23T08:10:36","slug":"intellio-video-surveillance-cameras-es-vms-szoftver","status":"publish","type":"product","link":"https:\/\/intellio.eu\/hu\/products\/anpr-alpr-kamerak-es-szoftverek-a-hozzaferes-vezerleshez\/intellio-video-surveillance-cameras-es-vms-szoftver\/","title":{"rendered":"Intellio\u00ae Video Fel\u00fcgyeleti Kamer\u00e1k \u00e9s VMS Szoftver"},"content":{"rendered":"","protected":false},"excerpt":{"rendered":"<p>Intelligens IP-vide\u00f3rendszer analitik\u00e1val, b\u00e1rmilyen parkol\u00e1si \u00e9s bel\u00e9ptet\u0151 alkalmaz\u00e1shoz<\/p>\n","protected":false},"featured_media":16762,"template":"","meta":[],"product_cat":[2048],"product_tag":[],"acf":[],"yoast_head":"<!-- This site is optimized with the Yoast SEO plugin v21.1 - https:\/\/yoast.com\/wordpress\/plugins\/seo\/ -->\n<title>Intellio\u00ae Video Fel\u00fcgyeleti Kamer\u00e1k \u00e9s VMS Szoftver - Intellio<\/title>\n<meta name=\"robots\" content=\"index, follow, max-snippet:-1, max-image-preview:large, max-video-preview:-1\" \/>\n<link rel=\"canonical\" href=\"https:\/\/intellio.eu\/hu\/products\/anpr-alpr-kamerak-es-szoftverek-a-hozzaferes-vezerleshez\/intellio-video-surveillance-cameras-es-vms-szoftver\/\" \/>\n<meta property=\"og:locale\" content=\"hu_HU\" \/>\n<meta property=\"og:type\" content=\"article\" \/>\n<meta property=\"og:title\" content=\"Intellio\u00ae Video Fel\u00fcgyeleti Kamer\u00e1k \u00e9s VMS Szoftver - Intellio\" \/>\n<meta property=\"og:description\" content=\"Intelligens IP-vide\u00f3rendszer analitik\u00e1val, b\u00e1rmilyen parkol\u00e1si \u00e9s bel\u00e9ptet\u0151 alkalmaz\u00e1shoz\" \/>\n<meta property=\"og:url\" content=\"https:\/\/intellio.eu\/hu\/products\/anpr-alpr-kamerak-es-szoftverek-a-hozzaferes-vezerleshez\/intellio-video-surveillance-cameras-es-vms-szoftver\/\" \/>\n<meta property=\"og:site_name\" content=\"Intellio\" \/>\n<meta property=\"article:modified_time\" content=\"2023-05-23T08:10:36+00:00\" \/>\n<meta property=\"og:image\" content=\"https:\/\/adaptiverecognition.com\/app\/uploads\/2021\/12\/02163632\/intellio_initio_dome_v_4mp_main.png\" \/>\n\t<meta property=\"og:image:width\" content=\"1280\" \/>\n\t<meta property=\"og:image:height\" content=\"1280\" \/>\n\t<meta property=\"og:image:type\" content=\"image\/png\" \/>\n<meta name=\"twitter:card\" content=\"summary_large_image\" \/>\n<script type=\"application\/ld+json\" class=\"yoast-schema-graph\">{\"@context\":\"https:\/\/schema.org\",\"@graph\":[{\"@type\":\"WebPage\",\"@id\":\"https:\/\/intellio.eu\/hu\/products\/anpr-alpr-kamerak-es-szoftverek-a-hozzaferes-vezerleshez\/intellio-video-surveillance-cameras-es-vms-szoftver\/\",\"url\":\"https:\/\/intellio.eu\/hu\/products\/anpr-alpr-kamerak-es-szoftverek-a-hozzaferes-vezerleshez\/intellio-video-surveillance-cameras-es-vms-szoftver\/\",\"name\":\"Intellio\u00ae Video Fel\u00fcgyeleti Kamer\u00e1k \u00e9s VMS Szoftver - Intellio\",\"isPartOf\":{\"@id\":\"https:\/\/intellio.eu\/hu\/#website\"},\"datePublished\":\"2020-03-03T19:51:55+00:00\",\"dateModified\":\"2023-05-23T08:10:36+00:00\",\"breadcrumb\":{\"@id\":\"https:\/\/intellio.eu\/hu\/products\/anpr-alpr-kamerak-es-szoftverek-a-hozzaferes-vezerleshez\/intellio-video-surveillance-cameras-es-vms-szoftver\/#breadcrumb\"},\"inLanguage\":\"hu\",\"potentialAction\":[{\"@type\":\"ReadAction\",\"target\":[\"https:\/\/intellio.eu\/hu\/products\/anpr-alpr-kamerak-es-szoftverek-a-hozzaferes-vezerleshez\/intellio-video-surveillance-cameras-es-vms-szoftver\/\"]}]},{\"@type\":\"BreadcrumbList\",\"@id\":\"https:\/\/intellio.eu\/hu\/products\/anpr-alpr-kamerak-es-szoftverek-a-hozzaferes-vezerleshez\/intellio-video-surveillance-cameras-es-vms-szoftver\/#breadcrumb\",\"itemListElement\":[{\"@type\":\"ListItem\",\"position\":1,\"name\":\"Home\",\"item\":\"https:\/\/intellio.eu\/hu\/home\/\"},{\"@type\":\"ListItem\",\"position\":2,\"name\":\"Shop\",\"item\":\"https:\/\/intellio.eu\/hu\/shop\/\"},{\"@type\":\"ListItem\",\"position\":3,\"name\":\"ANPR\/ALPR kamer\u00e1k \u00e9s szoftverek a hozz\u00e1f\u00e9r\u00e9s-vez\u00e9rl\u00e9shez\",\"item\":\"https:\/\/intellio.eu\/hu\/product-categories\/anpr-alpr-kamerak-es-szoftverek-a-hozzaferes-vezerleshez\/\"},{\"@type\":\"ListItem\",\"position\":4,\"name\":\"Intellio\u00ae Video Fel\u00fcgyeleti Kamer\u00e1k \u00e9s VMS Szoftver\"}]},{\"@type\":\"WebSite\",\"@id\":\"https:\/\/intellio.eu\/hu\/#website\",\"url\":\"https:\/\/intellio.eu\/hu\/\",\"name\":\"Intellio\",\"description\":\"\",\"potentialAction\":[{\"@type\":\"SearchAction\",\"target\":{\"@type\":\"EntryPoint\",\"urlTemplate\":\"https:\/\/intellio.eu\/hu\/?s={search_term_string}\"},\"query-input\":\"required name=search_term_string\"}],\"inLanguage\":\"hu\"}]}<\/script>\n<!-- \/ Yoast SEO plugin. -->","yoast_head_json":{"title":"Intellio\u00ae Video Fel\u00fcgyeleti Kamer\u00e1k \u00e9s VMS Szoftver - Intellio","robots":{"index":"index","follow":"follow","max-snippet":"max-snippet:-1","max-image-preview":"max-image-preview:large","max-video-preview":"max-video-preview:-1"},"canonical":"https:\/\/intellio.eu\/hu\/products\/anpr-alpr-kamerak-es-szoftverek-a-hozzaferes-vezerleshez\/intellio-video-surveillance-cameras-es-vms-szoftver\/","og_locale":"hu_HU","og_type":"article","og_title":"Intellio\u00ae Video Fel\u00fcgyeleti Kamer\u00e1k \u00e9s VMS Szoftver - Intellio","og_description":"Intelligens IP-vide\u00f3rendszer analitik\u00e1val, b\u00e1rmilyen parkol\u00e1si \u00e9s bel\u00e9ptet\u0151 alkalmaz\u00e1shoz","og_url":"https:\/\/intellio.eu\/hu\/products\/anpr-alpr-kamerak-es-szoftverek-a-hozzaferes-vezerleshez\/intellio-video-surveillance-cameras-es-vms-szoftver\/","og_site_name":"Intellio","article_modified_time":"2023-05-23T08:10:36+00:00","og_image":[{"width":1280,"height":1280,"url":"https:\/\/adaptiverecognition.com\/app\/uploads\/2021\/12\/02163632\/intellio_initio_dome_v_4mp_main.png","type":"image\/png"}],"twitter_card":"summary_large_image","schema":{"@context":"https:\/\/schema.org","@graph":[{"@type":"WebPage","@id":"https:\/\/intellio.eu\/hu\/products\/anpr-alpr-kamerak-es-szoftverek-a-hozzaferes-vezerleshez\/intellio-video-surveillance-cameras-es-vms-szoftver\/","url":"https:\/\/intellio.eu\/hu\/products\/anpr-alpr-kamerak-es-szoftverek-a-hozzaferes-vezerleshez\/intellio-video-surveillance-cameras-es-vms-szoftver\/","name":"Intellio\u00ae Video Fel\u00fcgyeleti Kamer\u00e1k \u00e9s VMS Szoftver - Intellio","isPartOf":{"@id":"https:\/\/intellio.eu\/hu\/#website"},"datePublished":"2020-03-03T19:51:55+00:00","dateModified":"2023-05-23T08:10:36+00:00","breadcrumb":{"@id":"https:\/\/intellio.eu\/hu\/products\/anpr-alpr-kamerak-es-szoftverek-a-hozzaferes-vezerleshez\/intellio-video-surveillance-cameras-es-vms-szoftver\/#breadcrumb"},"inLanguage":"hu","potentialAction":[{"@type":"ReadAction","target":["https:\/\/intellio.eu\/hu\/products\/anpr-alpr-kamerak-es-szoftverek-a-hozzaferes-vezerleshez\/intellio-video-surveillance-cameras-es-vms-szoftver\/"]}]},{"@type":"BreadcrumbList","@id":"https:\/\/intellio.eu\/hu\/products\/anpr-alpr-kamerak-es-szoftverek-a-hozzaferes-vezerleshez\/intellio-video-surveillance-cameras-es-vms-szoftver\/#breadcrumb","itemListElement":[{"@type":"ListItem","position":1,"name":"Home","item":"https:\/\/intellio.eu\/hu\/home\/"},{"@type":"ListItem","position":2,"name":"Shop","item":"https:\/\/intellio.eu\/hu\/shop\/"},{"@type":"ListItem","position":3,"name":"ANPR\/ALPR kamer\u00e1k \u00e9s szoftverek a hozz\u00e1f\u00e9r\u00e9s-vez\u00e9rl\u00e9shez","item":"https:\/\/intellio.eu\/hu\/product-categories\/anpr-alpr-kamerak-es-szoftverek-a-hozzaferes-vezerleshez\/"},{"@type":"ListItem","position":4,"name":"Intellio\u00ae Video Fel\u00fcgyeleti Kamer\u00e1k \u00e9s VMS Szoftver"}]},{"@type":"WebSite","@id":"https:\/\/intellio.eu\/hu\/#website","url":"https:\/\/intellio.eu\/hu\/","name":"Intellio","description":"","potentialAction":[{"@type":"SearchAction","target":{"@type":"EntryPoint","urlTemplate":"https:\/\/intellio.eu\/hu\/?s={search_term_string}"},"query-input":"required name=search_term_string"}],"inLanguage":"hu"}]}},"_links":{"self":[{"href":"https:\/\/intellio.eu\/hu\/wp-json\/wp\/v2\/product\/32382"}],"collection":[{"href":"https:\/\/intellio.eu\/hu\/wp-json\/wp\/v2\/product"}],"about":[{"href":"https:\/\/intellio.eu\/hu\/wp-json\/wp\/v2\/types\/product"}],"wp:featuredmedia":[{"embeddable":true,"href":"https:\/\/intellio.eu\/hu\/wp-json\/wp\/v2\/media\/16762"}],"wp:attachment":[{"href":"https:\/\/intellio.eu\/hu\/wp-json\/wp\/v2\/media?parent=32382"}],"wp:term":[{"taxonomy":"product_cat","embeddable":true,"href":"https:\/\/intellio.eu\/hu\/wp-json\/wp\/v2\/product_cat?post=32382"},{"taxonomy":"product_tag","embeddable":true,"href":"https:\/\/intellio.eu\/hu\/wp-json\/wp\/v2\/product_tag?post=32382"}],"curies":[{"name":"wp","href":"https:\/\/api.w.org\/{rel}","templated":true}]}}